{"id":160,"date":"2016-05-23T15:56:55","date_gmt":"2016-05-23T14:56:55","guid":{"rendered":"http:\/\/www.cr-sroc.pt\/?page_id=160"},"modified":"2016-09-14T17:50:39","modified_gmt":"2016-09-14T16:50:39","slug":"a-nossa-equipa","status":"publish","type":"page","link":"https:\/\/www.cr-sroc.pt\/?page_id=160&lang=pt","title":{"rendered":"Recursos"},"content":{"rendered":"<h4>RECURSOS HUMANOS<\/h4>\n<p>Este \u00e9 o principal ativo da nossa empresa&#8230; Somos uma equipa de t\u00e9cnicos com forma\u00e7\u00e3o superior orientada<br \/>\ne supervisionada por Revisores Oficiais de Contas.<\/p>\n<h4>RECURSOS T\u00c9CNICOS<\/h4>\n<p>A C &amp; R Ribas Pacheco, SROC aposta na forma\u00e7\u00e3o cont\u00ednua dos seus quadros, no desenvolvimento e no aperfei\u00e7oamento de ferramentas assentes em tecnologias de informa\u00e7\u00e3o que, em nossa opini\u00e3o, garantem a qualidade e a seguran\u00e7a<br \/>\ndos servi\u00e7os prestados.<\/p>\n","protected":false},"excerpt":{"rendered":"<p>RECURSOS HUMANOS Este \u00e9 o principal ativo da nossa empresa&#8230; Somos uma equipa de t\u00e9cnicos com forma\u00e7\u00e3o superior orientada e<\/p>\n<p class=\"readmore\"><a href=\"https:\/\/www.cr-sroc.pt\/?page_id=160&#038;lang=pt\" title=\"Read Recursos\">Read more &raquo;<\/a><\/p>\n","protected":false},"author":1,"featured_media":0,"parent":0,"menu_order":0,"comment_status":"closed","ping_status":"closed","template":"page-fullwidth.php","meta":{"footnotes":""},"class_list":["post-160","page","type-page","status-publish","hentry"],"_links":{"self":[{"href":"https:\/\/www.cr-sroc.pt\/index.php?rest_route=\/wp\/v2\/pages\/160","targetHints":{"allow":["GET"]}}],"collection":[{"href":"https:\/\/www.cr-sroc.pt\/index.php?rest_route=\/wp\/v2\/pages"}],"about":[{"href":"https:\/\/www.cr-sroc.pt\/index.php?rest_route=\/wp\/v2\/types\/page"}],"author":[{"embeddable":true,"href":"https:\/\/www.cr-sroc.pt\/index.php?rest_route=\/wp\/v2\/users\/1"}],"replies":[{"embeddable":true,"href":"https:\/\/www.cr-sroc.pt\/index.php?rest_route=%2Fwp%2Fv2%2Fcomments&post=160"}],"version-history":[{"count":4,"href":"https:\/\/www.cr-sroc.pt\/index.php?rest_route=\/wp\/v2\/pages\/160\/revisions"}],"predecessor-version":[{"id":192,"href":"https:\/\/www.cr-sroc.pt\/index.php?rest_route=\/wp\/v2\/pages\/160\/revisions\/192"}],"wp:attachment":[{"href":"https:\/\/www.cr-sroc.pt\/index.php?rest_route=%2Fwp%2Fv2%2Fmedia&parent=160"}],"curies":[{"name":"wp","href":"https:\/\/api.w.org\/{rel}","templated":true}]}}