{"id":24,"date":"2016-04-04T18:25:32","date_gmt":"2016-04-04T17:25:32","guid":{"rendered":"http:\/\/www.cr-sroc.pt\/?page_id=24"},"modified":"2016-10-07T11:38:48","modified_gmt":"2016-10-07T10:38:48","slug":"clientes","status":"publish","type":"page","link":"https:\/\/www.cr-sroc.pt\/?page_id=24&lang=pt","title":{"rendered":"Clientes"},"content":{"rendered":"<h4>SETORES DE ACTIVIDADE<\/h4>\n<p>Ao longo dos anos, temos vindo a ganhar experi\u00eancia nos seguintes setores de atividade:<\/p>\n<table border=\"0\" width=\"100%\" cellspacing=\"0\" cellpadding=\"0\">\n<tbody>\n<tr>\n<th scope=\"col\" align=\"left\" valign=\"top\" width=\"33%\">Agricultura<br \/>\nCash and Carry e supermercados<br \/>\nC\u00e2maras Municipais e Entidades P\u00fablicas<br \/>\nCom\u00e9rcio de material inform\u00e1tico<br \/>\nCom\u00e9rcio de viaturas ligeiras, pesadas e de barcos<br \/>\nCom\u00e9rcio e ind\u00fastria de sucatas<br \/>\nCom\u00e9rcio e ind\u00fastria de tintas e vernizes<br \/>\nCom\u00e9rcio e produ\u00e7\u00e3o de vinhos<br \/>\nCom\u00e9rcio internacional<br \/>\nConstru\u00e7\u00e3o e obras p\u00fablicas<br \/>\nConsultoria e Forma\u00e7\u00e3o<\/th>\n<th scope=\"col\" align=\"left\" valign=\"top\" width=\"33%\">Coudelaria<br \/>\nEntidades sem fins lucrativos (Associa\u00e7\u00f5es e Funda\u00e7\u00f5es)<br \/>\nEntidades cotadas em Bolsa<br \/>\nInd\u00fastria da corti\u00e7a<br \/>\nInd\u00fastria de mobili\u00e1rio<br \/>\nInd\u00fastria de refrigera\u00e7\u00e3o<br \/>\nInd\u00fastria de tanoaria<br \/>\nInd\u00fastria e com\u00e9rcio de pl\u00e1sticos<br \/>\nInd\u00fastria e distribui\u00e7\u00e3o de caf\u00e9<br \/>\nInd\u00fastria e fabrico de moldes<br \/>\nInd\u00fastria t\u00eaxtil e tinturaria<\/th>\n<th scope=\"col\" align=\"left\" valign=\"top\" width=\"33%\">Ind\u00fastrias alimentares<br \/>\nInstitui\u00e7\u00f5es financeiras<br \/>\nMedia\u00e7\u00e3o imobili\u00e1ria<br \/>\nRestaura\u00e7\u00e3o, turismo e hotelaria<br \/>\nServi\u00e7os de despachante<br \/>\nServi\u00e7os de topografia<br \/>\nSociedades Gestoras de Im\u00f3veis (SGI)<br \/>\nSociedades holdings (SGPS)<br \/>\nTransportes e distribui\u00e7\u00e3o<br \/>\nEtc.<\/th>\n<\/tr>\n<\/tbody>\n<\/table>\n","protected":false},"excerpt":{"rendered":"<p>SETORES DE ACTIVIDADE Ao longo dos anos, temos vindo a ganhar experi\u00eancia nos seguintes setores de atividade: Agricultura Cash and<\/p>\n<p class=\"readmore\"><a href=\"https:\/\/www.cr-sroc.pt\/?page_id=24&#038;lang=pt\" title=\"Read Clientes\">Read more &raquo;<\/a><\/p>\n","protected":false},"author":1,"featured_media":0,"parent":0,"menu_order":0,"comment_status":"closed","ping_status":"closed","template":"page-fullwidth.php","meta":{"footnotes":""},"class_list":["post-24","page","type-page","status-publish","hentry"],"_links":{"self":[{"href":"https:\/\/www.cr-sroc.pt\/index.php?rest_route=\/wp\/v2\/pages\/24","targetHints":{"allow":["GET"]}}],"collection":[{"href":"https:\/\/www.cr-sroc.pt\/index.php?rest_route=\/wp\/v2\/pages"}],"about":[{"href":"https:\/\/www.cr-sroc.pt\/index.php?rest_route=\/wp\/v2\/types\/page"}],"author":[{"embeddable":true,"href":"https:\/\/www.cr-sroc.pt\/index.php?rest_route=\/wp\/v2\/users\/1"}],"replies":[{"embeddable":true,"href":"https:\/\/www.cr-sroc.pt\/index.php?rest_route=%2Fwp%2Fv2%2Fcomments&post=24"}],"version-history":[{"count":10,"href":"https:\/\/www.cr-sroc.pt\/index.php?rest_route=\/wp\/v2\/pages\/24\/revisions"}],"predecessor-version":[{"id":266,"href":"https:\/\/www.cr-sroc.pt\/index.php?rest_route=\/wp\/v2\/pages\/24\/revisions\/266"}],"wp:attachment":[{"href":"https:\/\/www.cr-sroc.pt\/index.php?rest_route=%2Fwp%2Fv2%2Fmedia&parent=24"}],"curies":[{"name":"wp","href":"https:\/\/api.w.org\/{rel}","templated":true}]}}