{"id":27,"date":"2016-04-04T19:04:30","date_gmt":"2016-04-04T18:04:30","guid":{"rendered":"http:\/\/www.cr-sroc.pt\/?page_id=27"},"modified":"2016-04-05T11:08:49","modified_gmt":"2016-04-05T10:08:49","slug":"utilidades","status":"publish","type":"page","link":"https:\/\/www.cr-sroc.pt\/?page_id=27&lang=pt","title":{"rendered":"Utilidades"},"content":{"rendered":"<p>A C &amp; R Ribas Pacheco, SROC disponibiliza aqui diversas ferramentas que concebeu e que poder\u00e3o ser \u00fateis ao seu trabalho.<\/p>\n<table border=\"0\" width=\"100%\" cellspacing=\"0px\" cellpadding=\"0px\">\n<tbody>\n<tr style=\"line-height: 22px;\">\n<td><strong>Formato<\/strong><\/td>\n<td><strong>Nome<\/strong><\/td>\n<td><\/td>\n<\/tr>\n<tr style=\"background-color: #ecf7fa; line-height: 22px;\">\n<td style=\"width: 10%;\">Excel<\/td>\n<td style=\"width: 80%;\">Mapa &#8211; Concilia\u00e7\u00f5es Banc\u00e1rias<\/td>\n<td style=\"width: 10%;\"><a href=\"Mapa_Conciliacoes_Bancarias.xls\">Download<\/a><\/td>\n<\/tr>\n<tr style=\"line-height: 22px;\">\n<td>Excel<\/td>\n<td>Mapa &#8211; Caixa<\/td>\n<td><a href=\"Mapa_Caixa.xls\">Download<\/a><\/td>\n<\/tr>\n<tr style=\"background-color: #ecf7fa; line-height: 22px;\">\n<td>Excel<\/td>\n<td>Mapa &#8211; Ajudas Custo Nacionais<\/td>\n<td><a href=\"Mapa_Ajudas_Custo_Nacionais.xls\">Download<\/a><\/td>\n<\/tr>\n<tr style=\"line-height: 22px;\">\n<td>Excel<\/td>\n<td>Mapa &#8211; Ajudas Custo Internacionais<\/td>\n<td><a href=\"Mapa_Ajudas_Custo_Internacionais.xls\">Download<\/a><\/td>\n<\/tr>\n<tr style=\"background-color: #ecf7fa; line-height: 22px;\">\n<td>Excel<\/td>\n<td>Mapa &#8211; Quil\u00f3metros<\/td>\n<td><a href=\"Mapa_Quilometros.xls\">Download<\/a><\/td>\n<\/tr>\n<tr style=\"line-height: 22px;\">\n<td>PDF<\/td>\n<td>Evolu\u00e7\u00e3o Taxas de Juro 2010-1990 &#8211; 1\u00ba Semestre<\/td>\n<td><a href=\"Evolucao_Taxas_Juro_2010-1990_1_semestre.pdf\">Download<\/a><\/td>\n<\/tr>\n<tr style=\"background-color: #ecf7fa; line-height: 22px;\">\n<td>PDF<\/td>\n<td>Evolu\u00e7\u00e3o Ajudas Custo 2009-2004<\/td>\n<td><a href=\"Evolucao_Ajudas_Custo_2009-2004.pdf\" target=\"_blank\">Download<\/a><\/td>\n<\/tr>\n<tr style=\"line-height: 22px;\">\n<td>PDF<\/td>\n<td>Evolu\u00e7\u00e3o Taxas de Juro 2011-1994 &#8211; 1\u00ba Semestre<\/td>\n<td><a href=\"Evolucao_Taxas_Juro_2011_1994_1_semestre.pdf\">Download<\/a><\/td>\n<\/tr>\n<tr style=\"background-color: #ecf7fa; line-height: 22px;\">\n<td>PDF<\/td>\n<td>Evolu\u00e7\u00e3o Ajudas Custo 2011-2006<\/td>\n<td><a href=\"Evolucao_Ajudas_Custo_2011-2006.pdf\" target=\"_blank\">Download<\/a><\/td>\n<\/tr>\n<\/tbody>\n<\/table>\n","protected":false},"excerpt":{"rendered":"<p>A C &amp; R Ribas Pacheco, SROC disponibiliza aqui diversas ferramentas que concebeu e que poder\u00e3o ser \u00fateis ao seu<\/p>\n<p class=\"readmore\"><a href=\"https:\/\/www.cr-sroc.pt\/?page_id=27&#038;lang=pt\" title=\"Read Utilidades\">Read more &raquo;<\/a><\/p>\n","protected":false},"author":1,"featured_media":0,"parent":0,"menu_order":0,"comment_status":"closed","ping_status":"closed","template":"page-fullwidth.php","meta":{"footnotes":""},"class_list":["post-27","page","type-page","status-publish","hentry"],"_links":{"self":[{"href":"https:\/\/www.cr-sroc.pt\/index.php?rest_route=\/wp\/v2\/pages\/27","targetHints":{"allow":["GET"]}}],"collection":[{"href":"https:\/\/www.cr-sroc.pt\/index.php?rest_route=\/wp\/v2\/pages"}],"about":[{"href":"https:\/\/www.cr-sroc.pt\/index.php?rest_route=\/wp\/v2\/types\/page"}],"author":[{"embeddable":true,"href":"https:\/\/www.cr-sroc.pt\/index.php?rest_route=\/wp\/v2\/users\/1"}],"replies":[{"embeddable":true,"href":"https:\/\/www.cr-sroc.pt\/index.php?rest_route=%2Fwp%2Fv2%2Fcomments&post=27"}],"version-history":[{"count":3,"href":"https:\/\/www.cr-sroc.pt\/index.php?rest_route=\/wp\/v2\/pages\/27\/revisions"}],"predecessor-version":[{"id":113,"href":"https:\/\/www.cr-sroc.pt\/index.php?rest_route=\/wp\/v2\/pages\/27\/revisions\/113"}],"wp:attachment":[{"href":"https:\/\/www.cr-sroc.pt\/index.php?rest_route=%2Fwp%2Fv2%2Fmedia&parent=27"}],"curies":[{"name":"wp","href":"https:\/\/api.w.org\/{rel}","templated":true}]}}