{"id":30,"date":"2016-04-04T18:33:32","date_gmt":"2016-04-04T17:33:32","guid":{"rendered":"http:\/\/www.cr-sroc.pt\/?page_id=30"},"modified":"2016-04-05T11:07:54","modified_gmt":"2016-04-05T10:07:54","slug":"formacao","status":"publish","type":"page","link":"https:\/\/www.cr-sroc.pt\/?page_id=30&lang=pt","title":{"rendered":"Forma\u00e7\u00e3o"},"content":{"rendered":"<p>N\u00e3o existem, neste momento, ac\u00e7\u00f5es de forma\u00e7\u00e3o previstas.<br \/>\nEsta p\u00e1gina ser\u00e1 actualizada brevemente.<\/p>\n","protected":false},"excerpt":{"rendered":"<p>N\u00e3o existem, neste momento, ac\u00e7\u00f5es de forma\u00e7\u00e3o previstas. Esta p\u00e1gina ser\u00e1 actualizada brevemente.<\/p>\n","protected":false},"author":1,"featured_media":0,"parent":0,"menu_order":0,"comment_status":"closed","ping_status":"closed","template":"page-fullwidth.php","meta":{"footnotes":""},"class_list":["post-30","page","type-page","status-publish","hentry"],"_links":{"self":[{"href":"https:\/\/www.cr-sroc.pt\/index.php?rest_route=\/wp\/v2\/pages\/30","targetHints":{"allow":["GET"]}}],"collection":[{"href":"https:\/\/www.cr-sroc.pt\/index.php?rest_route=\/wp\/v2\/pages"}],"about":[{"href":"https:\/\/www.cr-sroc.pt\/index.php?rest_route=\/wp\/v2\/types\/page"}],"author":[{"embeddable":true,"href":"https:\/\/www.cr-sroc.pt\/index.php?rest_route=\/wp\/v2\/users\/1"}],"replies":[{"embeddable":true,"href":"https:\/\/www.cr-sroc.pt\/index.php?rest_route=%2Fwp%2Fv2%2Fcomments&post=30"}],"version-history":[{"count":2,"href":"https:\/\/www.cr-sroc.pt\/index.php?rest_route=\/wp\/v2\/pages\/30\/revisions"}],"predecessor-version":[{"id":47,"href":"https:\/\/www.cr-sroc.pt\/index.php?rest_route=\/wp\/v2\/pages\/30\/revisions\/47"}],"wp:attachment":[{"href":"https:\/\/www.cr-sroc.pt\/index.php?rest_route=%2Fwp%2Fv2%2Fmedia&parent=30"}],"curies":[{"name":"wp","href":"https:\/\/api.w.org\/{rel}","templated":true}]}}