{"id":33,"date":"2016-04-04T18:31:44","date_gmt":"2016-04-04T17:31:44","guid":{"rendered":"http:\/\/www.cr-sroc.pt\/?page_id=33"},"modified":"2016-04-05T11:08:13","modified_gmt":"2016-04-05T10:08:13","slug":"recrutamento","status":"publish","type":"page","link":"https:\/\/www.cr-sroc.pt\/?page_id=33&lang=pt","title":{"rendered":"Recrutamento"},"content":{"rendered":"<p>Estes s\u00e3o os princ\u00edpios em que assenta a pol\u00edtica de recursos humanos da C &amp; R Ribas Pacheco, SROC:<\/p>\n<ul>\n<li>Profissionalismo<\/li>\n<li>Responsabilidade<\/li>\n<li>Perseveran\u00e7a<\/li>\n<li>Organiza\u00e7\u00e3o<\/li>\n<li>Dedica\u00e7\u00e3o<\/li>\n<li>Iniciativa e esp\u00edrito de equipa<\/li>\n<\/ul>\n","protected":false},"excerpt":{"rendered":"<p>Estes s\u00e3o os princ\u00edpios em que assenta a pol\u00edtica de recursos humanos da C &amp; R Ribas Pacheco, SROC: Profissionalismo<\/p>\n<p class=\"readmore\"><a href=\"https:\/\/www.cr-sroc.pt\/?page_id=33&#038;lang=pt\" title=\"Read Recrutamento\">Read more &raquo;<\/a><\/p>\n","protected":false},"author":1,"featured_media":0,"parent":0,"menu_order":0,"comment_status":"closed","ping_status":"closed","template":"page-fullwidth.php","meta":{"footnotes":""},"class_list":["post-33","page","type-page","status-publish","hentry"],"_links":{"self":[{"href":"https:\/\/www.cr-sroc.pt\/index.php?rest_route=\/wp\/v2\/pages\/33","targetHints":{"allow":["GET"]}}],"collection":[{"href":"https:\/\/www.cr-sroc.pt\/index.php?rest_route=\/wp\/v2\/pages"}],"about":[{"href":"https:\/\/www.cr-sroc.pt\/index.php?rest_route=\/wp\/v2\/types\/page"}],"author":[{"embeddable":true,"href":"https:\/\/www.cr-sroc.pt\/index.php?rest_route=\/wp\/v2\/users\/1"}],"replies":[{"embeddable":true,"href":"https:\/\/www.cr-sroc.pt\/index.php?rest_route=%2Fwp%2Fv2%2Fcomments&post=33"}],"version-history":[{"count":3,"href":"https:\/\/www.cr-sroc.pt\/index.php?rest_route=\/wp\/v2\/pages\/33\/revisions"}],"predecessor-version":[{"id":49,"href":"https:\/\/www.cr-sroc.pt\/index.php?rest_route=\/wp\/v2\/pages\/33\/revisions\/49"}],"wp:attachment":[{"href":"https:\/\/www.cr-sroc.pt\/index.php?rest_route=%2Fwp%2Fv2%2Fmedia&parent=33"}],"curies":[{"name":"wp","href":"https:\/\/api.w.org\/{rel}","templated":true}]}}