{"id":81,"date":"2016-04-04T18:28:45","date_gmt":"2016-04-04T17:28:45","guid":{"rendered":"http:\/\/www.cr-sroc.pt\/?page_id=81"},"modified":"2016-04-04T18:28:45","modified_gmt":"2016-04-04T17:28:45","slug":"culture","status":"publish","type":"page","link":"https:\/\/www.cr-sroc.pt\/?page_id=81&lang=en","title":{"rendered":"Culture"},"content":{"rendered":"<div id=\"pl-81\"><div class=\"panel-grid\" id=\"pg-81-0\" ><div class=\"panel-grid-cell\" id=\"pgc-81-0-0\" ><div class=\"so-panel widget widget_sow-editor panel-first-child panel-last-child\" id=\"panel-81-0-0-0\" data-index=\"0\"><div class=\"so-widget-sow-editor so-widget-sow-editor-base\">\n<div class=\"siteorigin-widget-tinymce textwidget\">\n\t<p>Independ\u00eancia, Responsabilidade, Compet\u00eancia, Legalidade, Sentido Cr\u00edtico e Sigilo Profissional s\u00e3o os princ\u00edpios fundamentais da C &amp; R Ribas Pacheco, SROC que visam a Credibilidade, o Profissionalismo, a Qualidade e a Confian\u00e7a no desempenho da profiss\u00e3o.<\/p>\n<p>Num contexto cada mais exigente, encaramos o nosso trabalho como uma ferramenta \u00fatil e como mais-valia no apoio a uma gest\u00e3o moderna e prof\u00edcua. Na C&amp;R Ribas Pacheco, SROC todos os colaboradores est\u00e3o alinhados com esta vis\u00e3o e partilham os mesmos valores...<\/p>\n<p><img loading=\"lazy\" decoding=\"async\" class=\"aligncenter size-full wp-image-189\" src=\"https:\/\/i2.wp.com\/www.cr-sroc.pt\/wp-content\/uploads\/valores.png?resize=870%2C442\" alt=\"valores\" srcset=\"https:\/\/i2.wp.com\/www.cr-sroc.pt\/wp-content\/uploads\/valores.png?w=915 915w, https:\/\/i2.wp.com\/www.cr-sroc.pt\/wp-content\/uploads\/valores.png?resize=300%2C152 300w\" sizes=\"auto, (max-width: 870px) 100vw, 870px\" data-recalc-dims=\"1\" \/><\/p>\n<p><span style=\"border-radius: 2px; text-indent: 20px; width: auto; padding: 0px 4px 0px 0px; text-align: center; font: bold 11px\/20px 'Helvetica Neue',Helvetica,sans-serif; color: #ffffff; background: #bd081c  no-repeat scroll 3px 50% \/ 14px 14px; position: absolute; opacity: 1; z-index: 8675309; display: none; cursor: pointer;\">Guardar<\/span><\/p>\n<\/div>\n<\/div><\/div><\/div><\/div><\/div>","protected":false},"excerpt":{"rendered":"<p>Independ\u00eancia, Responsabilidade, Compet\u00eancia, Legalidade, Sentido Cr\u00edtico e Sigilo Profissional s\u00e3o os princ\u00edpios fundamentais da C &amp; R Ribas Pacheco, SROC<\/p>\n<p class=\"readmore\"><a href=\"https:\/\/www.cr-sroc.pt\/?page_id=81&#038;lang=en\" title=\"Read Culture\">Read more &raquo;<\/a><\/p>\n","protected":false},"author":1,"featured_media":0,"parent":0,"menu_order":0,"comment_status":"closed","ping_status":"closed","template":"page-fullwidth.php","meta":{"footnotes":""},"class_list":["post-81","page","type-page","status-publish","hentry"],"_links":{"self":[{"href":"https:\/\/www.cr-sroc.pt\/index.php?rest_route=\/wp\/v2\/pages\/81","targetHints":{"allow":["GET"]}}],"collection":[{"href":"https:\/\/www.cr-sroc.pt\/index.php?rest_route=\/wp\/v2\/pages"}],"about":[{"href":"https:\/\/www.cr-sroc.pt\/index.php?rest_route=\/wp\/v2\/types\/page"}],"author":[{"embeddable":true,"href":"https:\/\/www.cr-sroc.pt\/index.php?rest_route=\/wp\/v2\/users\/1"}],"replies":[{"embeddable":true,"href":"https:\/\/www.cr-sroc.pt\/index.php?rest_route=%2Fwp%2Fv2%2Fcomments&post=81"}],"version-history":[{"count":1,"href":"https:\/\/www.cr-sroc.pt\/index.php?rest_route=\/wp\/v2\/pages\/81\/revisions"}],"predecessor-version":[{"id":83,"href":"https:\/\/www.cr-sroc.pt\/index.php?rest_route=\/wp\/v2\/pages\/81\/revisions\/83"}],"wp:attachment":[{"href":"https:\/\/www.cr-sroc.pt\/index.php?rest_route=%2Fwp%2Fv2%2Fmedia&parent=81"}],"curies":[{"name":"wp","href":"https:\/\/api.w.org\/{rel}","templated":true}]}}