{"id":95,"date":"2016-04-04T18:36:29","date_gmt":"2016-04-04T17:36:29","guid":{"rendered":"http:\/\/www.cr-sroc.pt\/?page_id=95"},"modified":"2016-04-04T18:36:29","modified_gmt":"2016-04-04T17:36:29","slug":"services","status":"publish","type":"page","link":"https:\/\/www.cr-sroc.pt\/?page_id=95&lang=en","title":{"rendered":"Services"},"content":{"rendered":"<div id=\"pl-95\"><div class=\"panel-grid\" id=\"pg-95-0\" ><div class=\"panel-grid-cell\" id=\"pgc-95-0-0\" ><div class=\"so-panel widget widget_sow-editor panel-first-child panel-last-child\" id=\"panel-95-0-0-0\" data-index=\"0\"><div class=\"so-widget-sow-editor so-widget-sow-editor-base\">\n<div class=\"siteorigin-widget-tinymce textwidget\">\n\t<p>A disponibilidade, sentido de colabora\u00e7\u00e3o, prontid\u00e3o, sigilo profissional e compet\u00eancia dos Colaboradores e Parceiros da C &amp; R Ribas Pacheco, SROC s\u00e3o elementos diferenciadores que, conjugados com uma vis\u00e3o abrangente da atividade empresarial e com o conhecimento t\u00e9cnico, nos permitem apresentar solu\u00e7\u00f5es de elevada qualidade.<\/p>\n<\/div>\n<\/div><\/div><\/div><\/div><div class=\"panel-grid\" id=\"pg-95-1\" ><div class=\"panel-grid-cell\" id=\"pgc-95-1-0\" ><div class=\"so-panel widget widget_text panel-first-child\" id=\"panel-95-1-0-0\" data-index=\"1\"><div style=\"color: #797979;\" class=\"panel-widget-style\" ><h3 class=\"widget-title\">Revis\u00e3o &#038; Auditoria<\/h3>\t\t\t<div class=\"textwidget\"><p>Desempenho das fun\u00e7\u00f5es de Revisor Oficial de Contas, Fiscal \u00danico e Membros do Conselho Fiscal em v\u00e1rias empresas p\u00fablicas e privadas, incluindo munic\u00edpios<\/p>\n<p>Auditoria Financeira<\/p>\n<p>Certifica\u00e7\u00e3o de pedidos de pagamento<\/p>\n<\/div>\n\t\t<\/div><\/div><div class=\"so-panel widget widget_text\" id=\"panel-95-1-0-1\" data-index=\"2\"><div style=\"color: #797979;\" class=\"panel-widget-style\" ><h3 class=\"widget-title\">Servi\u00e7os Relacionados<\/h3>\t\t\t<div class=\"textwidget\"><p>Assessoria empresarial<\/p>\n<p>Avalia\u00e7\u00f5es de bens (entradas em esp\u00e9cie)<\/p>\n<p>Avalia\u00e7\u00e3o de empresas e de partes sociais<\/p>\n<p>Reestrutura\u00e7\u00f5es empresariais (fus\u00f5es, cis\u00f5es, etc.)<\/p>\n<p>Redimensionamento societ\u00e1rio (aumentos\/diminui\u00e7\u00f5es do capital social)<\/p>\n<p>Diagn\u00f3sticos e conce\u00e7\u00e3o de Sistemas de Controlo Interno<\/p>\n<p>Compila\u00e7\u00e3o de informa\u00e7\u00e3o financeira<\/p>\n<p>Elabora\u00e7\u00e3o de Demonstra\u00e7\u00f5es Financeiras intercalares ou finais, individuais ou consolidadas, por segmentos, previsionais, incluindo a Demonstra\u00e7\u00e3o dos Resultados por Fun\u00e7\u00f5es e a Demonstra\u00e7\u00e3o dos Fluxos de Caixa, entre outras<\/p>\n<p>Prepara\u00e7\u00e3o de Demonstra\u00e7\u00f5es Financeiras com base nas Normas Internacionais de Relato Financeiro ou em outros referenciais contabil\u00edsticos<\/p>\n<p>Pareceres contabil\u00edsticos<\/p>\n<\/div>\n\t\t<\/div><\/div><div class=\"so-panel widget widget_text\" id=\"panel-95-1-0-2\" data-index=\"3\"><div style=\"color: #797979;\" class=\"panel-widget-style\" ><h3 class=\"widget-title\">Fiscalidade<\/h3>\t\t\t<div class=\"textwidget\"><p>Auditoria e consultoria fiscal<\/p>\n<p>Acompanhamento, planeamento e aconselhamento fiscal<\/p>\n<p>Preenchimento e\/ou revis\u00e3o da Declara\u00e7\u00e3o Modelo 22 e de outras declara\u00e7\u00f5es fiscais<\/p>\n<p>Elabora\u00e7\u00e3o de Dossiers Fiscais<\/p>\n<p>Elabora\u00e7\u00e3o ou Revis\u00e3o de Dossiers de Pre\u00e7os de Transfer\u00eancia<\/p>\n<p>Pareceres e enquadramentos fiscais<\/p>\n<\/div>\n\t\t<\/div><\/div><div class=\"so-panel widget widget_text panel-last-child\" id=\"panel-95-1-0-3\" data-index=\"4\"><div style=\"color: #797979;\" class=\"panel-widget-style\" ><h3 class=\"widget-title\">Consultoria<\/h3>\t\t\t<div class=\"textwidget\"><p>Estudos de viabilidade<\/p>\n<p>Consultoria financeira<\/p>\n<p>Organiza\u00e7\u00e3o empresarial e administrativa<\/p>\n<p>An\u00e1lise econ\u00f3mica e financeira com mecanismos de alerta via e-mail ou sms<\/p>\n<p>\u201cEmpresa na M\u00e3o\u201d, constitui\u00e7\u00e3o de empresas, onde se inclui, para al\u00e9m das quest\u00f5es legais, o estudo de marketing,  designa\u00e7\u00e3o, identidade gr\u00e1fica e respectivas decorr\u00eancias (em parceria com uma consultora de marketing e comunica\u00e7\u00e3o)<\/p>\n<p>Altera\u00e7\u00e3o, transforma\u00e7\u00e3o, liquida\u00e7\u00e3o de empresas em Portugal e no estrangeiro<\/p>\n<p>Cadastro do imobilizado<\/p>\n<p>Implementa\u00e7\u00e3o de sistemas de informa\u00e7\u00e3o baseadas em tecnologias de informa\u00e7\u00e3o<\/p>\n<\/div>\n\t\t<\/div><\/div><\/div><\/div><\/div>","protected":false},"excerpt":{"rendered":"<p>A disponibilidade, sentido de colabora\u00e7\u00e3o, prontid\u00e3o, sigilo profissional e compet\u00eancia dos Colaboradores e Parceiros da C &amp; R Ribas Pacheco,<\/p>\n<p class=\"readmore\"><a href=\"https:\/\/www.cr-sroc.pt\/?page_id=95&#038;lang=en\" title=\"Read Services\">Read more &raquo;<\/a><\/p>\n","protected":false},"author":1,"featured_media":0,"parent":0,"menu_order":0,"comment_status":"closed","ping_status":"closed","template":"page-fullwidth.php","meta":{"footnotes":""},"class_list":["post-95","page","type-page","status-publish","hentry"],"_links":{"self":[{"href":"https:\/\/www.cr-sroc.pt\/index.php?rest_route=\/wp\/v2\/pages\/95","targetHints":{"allow":["GET"]}}],"collection":[{"href":"https:\/\/www.cr-sroc.pt\/index.php?rest_route=\/wp\/v2\/pages"}],"about":[{"href":"https:\/\/www.cr-sroc.pt\/index.php?rest_route=\/wp\/v2\/types\/page"}],"author":[{"embeddable":true,"href":"https:\/\/www.cr-sroc.pt\/index.php?rest_route=\/wp\/v2\/users\/1"}],"replies":[{"embeddable":true,"href":"https:\/\/www.cr-sroc.pt\/index.php?rest_route=%2Fwp%2Fv2%2Fcomments&post=95"}],"version-history":[{"count":1,"href":"https:\/\/www.cr-sroc.pt\/index.php?rest_route=\/wp\/v2\/pages\/95\/revisions"}],"predecessor-version":[{"id":97,"href":"https:\/\/www.cr-sroc.pt\/index.php?rest_route=\/wp\/v2\/pages\/95\/revisions\/97"}],"wp:attachment":[{"href":"https:\/\/www.cr-sroc.pt\/index.php?rest_route=%2Fwp%2Fv2%2Fmedia&parent=95"}],"curies":[{"name":"wp","href":"https:\/\/api.w.org\/{rel}","templated":true}]}}